{"id":92,"date":"2024-08-06T23:02:52","date_gmt":"2024-08-06T23:02:52","guid":{"rendered":"https:\/\/dev.redelucymontoro.org.br\/pesquisaimrea\/?page_id=92"},"modified":"2024-10-23T18:47:35","modified_gmt":"2024-10-23T18:47:35","slug":"leis-e-resolucoes-do-conselho-nacional-de-saude","status":"publish","type":"page","link":"https:\/\/pesquisaimrea.redelucymontoro.org.br\/site\/legislacao-e-regulamentacao\/leis-e-resolucoes-do-conselho-nacional-de-saude\/","title":{"rendered":"Leis e Resolu\u00e7\u00f5es do Conselho Nacional de Sa\u00fade"},"content":{"rendered":"\n<p><strong><a href=\"https:\/\/drive.google.com\/file\/d\/1uCzzys722akY4jAW5ktBwPrHgqPly88f\/view?usp=sharing\" target=\"_blank\" rel=\"noreferrer noopener\">Lei n\u00b0 14.874, de 28 de Maio de 2024<\/a><\/strong><br>Disp\u00f5e sobre a pesquisa com seres humanos e institui o Sistema Nacional de \u00c9tica em Pesquisa com Seres Humanos.<\/p>\n\n\n\n<p><strong><a href=\"https:\/\/drive.google.com\/file\/d\/1rUTJHIVSI-OJIg72DfspA9_xshbTME2J\/view?usp=sharing\" target=\"_blank\" rel=\"noreferrer noopener\">Resolu\u00e7\u00e3o do Conselho Nacional de Sa\u00fade n\u00ba 674, de 6 Maio de 2022<br><\/a><\/strong>Disp\u00f5e sobre a tipifica\u00e7\u00e3o da pesquisa e a tramita\u00e7\u00e3o dos protocolos de pesquisa no Sistema CEP\/CONEP.<\/p>\n\n\n\n<p><strong><a href=\"https:\/\/drive.google.com\/file\/d\/1wZACfvrW6Ub7nBcQ5UGRadg05hhO3NQl\/view?usp=sharing\" target=\"_blank\" rel=\"noreferrer noopener\">Resolu\u00e7\u00e3o do Conselho Nacional de Sa\u00fade n\u00ba 510, de 7 Abril de 2016<\/a><\/strong><br>Considerando a import\u00e2ncia de se construir um marco normativo claro, preciso e plenamente compreens\u00edvel por todos os envolvidos nas atividades de pesquisa em Ci\u00eancias Humanas e Sociais.<\/p>\n\n\n\n<p><strong><a href=\"https:\/\/drive.google.com\/file\/d\/1rgca1eKOleRBKhe3T-HcJe0LLsRUI2wi\/view?usp=sharing\" target=\"_blank\" rel=\"noreferrer noopener\">Resolu\u00e7\u00e3o do Conselho Nacional de Sa\u00fade n\u00ba 466, de 12 Dezembro de 2012<\/a><\/strong><a href=\"https:\/\/drive.google.com\/file\/d\/1rgca1eKOleRBKhe3T-HcJe0LLsRUI2wi\/view?usp=drive_link\" target=\"_blank\" rel=\"noreferrer noopener\"><br><\/a>A presente Resolu\u00e7\u00e3o incorpora, sob a \u00f3tica do indiv\u00edduo e das coletividades, referenciais da bio\u00e9tica, tais como, autonomia, n\u00e3o malefic\u00eancia, benefic\u00eancia, justi\u00e7a e equidade, dentre outros, e visa a assegurar os direitos e deveres que dizem respeito aos participantes da pesquisa, \u00e0 comunidade cient\u00edfica e ao Estado.<\/p>\n\n\n\n<p><strong><a href=\"https:\/\/drive.google.com\/file\/d\/1YQsX7fMIQFveLDqeWX5SF-yBs3_2a59G\/view?usp=sharing\" target=\"_blank\" rel=\"noreferrer noopener\">Resolu\u00e7\u00e3o do Conselho Nacional de Sa\u00fade n\u00ba 441, de 12 Maio de 2011<\/a><a href=\"https:\/\/drive.google.com\/file\/d\/1YQsX7fMIQFveLDqeWX5SF-yBs3_2a59G\/view?usp=drive_link\" target=\"_blank\" rel=\"noreferrer noopener\"><br><\/a><\/strong>Considerando a necessidade de atualizar a complementa\u00e7\u00e3o da regulamenta\u00e7\u00e3o da Resolu\u00e7\u00e3o CNS no 196\/96 no que diz respeito ao armazenamento e \u00e0 utiliza\u00e7\u00e3o de material biol\u00f3gico humano com finalidade de pesquisa.<\/p>\n\n\n\n<p><strong><a href=\"https:\/\/drive.google.com\/file\/d\/16XQKrlqAbf-E86R_4SmjG4zr_Y8y5YEV\/view?usp=sharing\" target=\"_blank\" rel=\"noreferrer noopener\">Resolu\u00e7\u00e3o do Conselho Nacional de Sa\u00fade n\u00ba 346, de 13 Janeiro de 2005<\/a><a href=\"http:\/\/pesquisaimrea.fm.usp.br\/images\/Normativas_CONEP\/Resolucao_CNS_346_2005.pdf\" target=\"_blank\" rel=\"noreferrer noopener\"><br><\/a><\/strong>Regulamenta\u00e7\u00e3o para tramita\u00e7\u00e3o de projetos de pesquisa multic\u00eantricos no sistema Comit\u00eas de \u00c9tica em Pesquisa &#8211; CEP\/CONEP.<\/p>\n","protected":false},"excerpt":{"rendered":"<p>Lei n\u00b0 14.874, de 28 de Maio de 2024Disp\u00f5e sobre a pesquisa com seres humanos e institui o Sistema Nacional de \u00c9tica em Pesquisa com Seres Humanos. Resolu\u00e7\u00e3o do Conselho Nacional de Sa\u00fade n\u00ba 674, de 6 Maio de 2022Disp\u00f5e sobre a tipifica\u00e7\u00e3o da pesquisa e a tramita\u00e7\u00e3o dos protocolos de pesquisa no Sistema CEP\/CONEP. &#8230; <a title=\"Leis e Resolu\u00e7\u00f5es do Conselho Nacional de Sa\u00fade\" class=\"read-more\" href=\"https:\/\/pesquisaimrea.redelucymontoro.org.br\/site\/legislacao-e-regulamentacao\/leis-e-resolucoes-do-conselho-nacional-de-saude\/\" aria-label=\"Read more about Leis e Resolu\u00e7\u00f5es do Conselho Nacional de Sa\u00fade\">Leia mais<\/a><\/p>\n","protected":false},"author":1,"featured_media":0,"parent":88,"menu_order":0,"comment_status":"closed","ping_status":"closed","template":"","meta":{"footnotes":""},"categories":[],"tags":[58],"class_list":{"0":"post-92","1":"page","2":"type-page","3":"status-publish","5":"tag-narrow"},"_links":{"self":[{"href":"https:\/\/pesquisaimrea.redelucymontoro.org.br\/site\/wp-json\/wp\/v2\/pages\/92","targetHints":{"allow":["GET"]}}],"collection":[{"href":"https:\/\/pesquisaimrea.redelucymontoro.org.br\/site\/wp-json\/wp\/v2\/pages"}],"about":[{"href":"https:\/\/pesquisaimrea.redelucymontoro.org.br\/site\/wp-json\/wp\/v2\/types\/page"}],"author":[{"embeddable":true,"href":"https:\/\/pesquisaimrea.redelucymontoro.org.br\/site\/wp-json\/wp\/v2\/users\/1"}],"replies":[{"embeddable":true,"href":"https:\/\/pesquisaimrea.redelucymontoro.org.br\/site\/wp-json\/wp\/v2\/comments?post=92"}],"version-history":[{"count":1,"href":"https:\/\/pesquisaimrea.redelucymontoro.org.br\/site\/wp-json\/wp\/v2\/pages\/92\/revisions"}],"predecessor-version":[{"id":4255,"href":"https:\/\/pesquisaimrea.redelucymontoro.org.br\/site\/wp-json\/wp\/v2\/pages\/92\/revisions\/4255"}],"up":[{"embeddable":true,"href":"https:\/\/pesquisaimrea.redelucymontoro.org.br\/site\/wp-json\/wp\/v2\/pages\/88"}],"wp:attachment":[{"href":"https:\/\/pesquisaimrea.redelucymontoro.org.br\/site\/wp-json\/wp\/v2\/media?parent=92"}],"wp:term":[{"taxonomy":"category","embeddable":true,"href":"https:\/\/pesquisaimrea.redelucymontoro.org.br\/site\/wp-json\/wp\/v2\/categories?post=92"},{"taxonomy":"post_tag","embeddable":true,"href":"https:\/\/pesquisaimrea.redelucymontoro.org.br\/site\/wp-json\/wp\/v2\/tags?post=92"}],"curies":[{"name":"wp","href":"https:\/\/api.w.org\/{rel}","templated":true}]}}